{"id":12223,"date":"2025-03-27T12:38:17","date_gmt":"2025-03-27T11:38:17","guid":{"rendered":"https:\/\/www.tatranskykamzik.sk\/?page_id=12223"},"modified":"2025-05-08T20:05:54","modified_gmt":"2025-05-08T18:05:54","slug":"kontakt","status":"publish","type":"page","link":"https:\/\/www.tatranskykamzik.sk\/en\/contact\/","title":{"rendered":"Contact"},"content":{"rendered":"\t\t<div data-elementor-type=\"wp-page\" data-elementor-id=\"12223\" class=\"elementor elementor-12223\">\n\t\t\t\t<div class=\"elementor-element elementor-element-89337a5 e-flex e-con-boxed e-con e-parent\" data-id=\"89337a5\" data-element_type=\"container\">\n\t\t\t\t\t<div class=\"e-con-inner\">\n\t\t\t\t<div class=\"elementor-element elementor-element-82522a4 elementor-widget elementor-widget-text-editor\" data-id=\"82522a4\" data-element_type=\"widget\" data-widget_type=\"text-editor.default\">\n\t\t\t\t<div class=\"elementor-widget-container\">\n\t\t\t\t\t\t\t\t\t<p class=\"rs-p-wp-fix\">\n<p>\t\t\t\t<sr7-module data-alias=\"home-2\" data-id=\"1\" id=\"SR7_1_1\" class=\"rs-ov-hidden\" data-version=\"6.7.29\"><br \/>\n\t\t\t\t\t<sr7-adjuster><\/sr7-adjuster><br \/>\n\t\t\t\t\t<sr7-content><br \/>\n\t\t\t\t\t\t<sr7-slide id=\"SR7_1_1-5\" data-key=\"5\"><br \/>\n\t\t\t\t\t\t<\/sr7-slide><br \/>\n\t\t\t\t\t\t<sr7-slide id=\"SR7_1_1-6\" data-key=\"6\"><br \/>\n\t\t\t\t\t\t<\/sr7-slide><br \/>\n\t\t\t\t\t\t<sr7-slide id=\"SR7_1_1-4\" data-key=\"4\"><br \/>\n\t\t\t\t\t\t\t<a id=\"SR7_1_1-4-5\" class=\"sr7-layer\" href=\"https:\/\/vimeo.com\/user122333400\" target=\"_self\">vimeo<\/a><br \/>\n\t\t\t\t\t\t\t<a id=\"SR7_1_1-4-6\" class=\"sr7-layer\" href=\"https:\/\/www.facebook.com\/HaruTheme-2122613897977372\" target=\"_self\">facebook<\/a><br \/>\n\t\t\t\t\t\t\t<a id=\"SR7_1_1-4-11\" class=\"sr7-layer\" href=\"https:\/\/www.instagram.com\/harutheme88\/\" target=\"_self\">instagram<\/a><br \/>\n\t\t\t\t\t\t\t<a id=\"SR7_1_1-4-12\" class=\"sr7-layer\" href=\"https:\/\/www.youtube.com\/channel\/UCnOxXtfrkgq92wgqJCBi55g\/\" target=\"_self\">youtube<\/a><br \/>\n\t\t\t\t\t\t<\/sr7-slide><br \/>\n\t\t\t\t\t<\/sr7-content><br \/>\n\t\t\t\t\t<image_lists style=\"display:none\"><br \/>\n\t\t\t\t\t\t<img data-src=\"\/\/www.tatranskykamzik.sk\/wp-content\/uploads\/2025\/03\/plavacka-1.png\" data-libid=\"12055\" data-lib=\"medialibrary\" title=\"pl\u00e1vacka 1\" width=\"0\" height=\"0\" data-dbsrc=\"Ly93d3cudGF0cmFuc2t5a2FtemlrLnNrL3dwLWNvbnRlbnQvdXBsb2Fkcy8yMDI1LzAzL3BsYXZhY2thLTEucG5n\"\/><br \/>\n\t\t\t\t\t\t<img data-src=\"\/\/www.tatranskykamzik.sk\/wp-content\/uploads\/2025\/03\/plavacka.png\" data-libid=\"12051\" data-lib=\"medialibrary\" title=\"pl\u00e1vacka\" width=\"0\" height=\"0\" data-dbsrc=\"Ly93d3cudGF0cmFuc2t5a2FtemlrLnNrL3dwLWNvbnRlbnQvdXBsb2Fkcy8yMDI1LzAzL3BsYXZhY2thLnBuZw==\"\/><br \/>\n\t\t\t\t\t<\/image_lists><br \/>\n\t\t\t\t<\/sr7-module><br \/>\n\t\t\t\t<script>\n\t\t\t\t\tSR7.PMH ??={}; SR7.PMH[\"SR7_1_1\"] = {cn:100,state:false,fn: function() { if (_tpt!==undefined && _tpt.prepareModuleHeight !== undefined) {  _tpt.prepareModuleHeight({id:\"SR7_1_1\",el:[960,960,960,500,600],type:'standard',shdw:'0',gh:[960,960,960,500,600],gw:[1920,1920,1920,778,480],vpt:['-200px&#039;,&#039;-200px&#039;,&#039;-200px&#039;,&#039;-200px&#039;,&#039;-200px'],size:{fullWidth:false, fullHeight:false},mh:'0',onh:0,onw:0,bg:{color:'{\"orig\":\"transparent\",\"type\":\"solid\",\"string\":\"transparent\"}'}});   SR7.PMH[\"SR7_1_1\"].state=true;} else if(SR7.PMH[\"SR7_1_1\"].cn-->0)\tsetTimeout( SR7.PMH[\"SR7_1_1\"].fn,19);}};SR7.PMH[\"SR7_1_1\" ].fn();\n\t\t\t\t<\/script>\n<\/p>\n<h2>Contact<\/h2>\n\n<p class=\"\" data-start=\"45\" data-end=\"88\">Director of the Competition: Ing. J\u00e1n Kuska<\/p>\n<p class=\"\" data-start=\"90\" data-end=\"190\">Contact Address:<br data-start=\"106\" data-end=\"109\" \/>AMAFILM NICOLAUS<br data-start=\"125\" data-end=\"128\" \/>\u0160t\u00farova 1610\/38<br data-start=\"143\" data-end=\"146\" \/>031 01 Liptovsk\u00fd Mikul\u00e1\u0161<br data-start=\"170\" data-end=\"173\" data-is-only-node=\"\" \/>Slovak Republic<\/p>\n<p class=\"\" data-start=\"192\" data-end=\"217\">Phone: +421 905 477 005<\/p>\n<p class=\"\" data-start=\"219\" data-end=\"251\">Andrej Gur\u00e1\u0148: +421 908 696 288<\/p>\n<p class=\"\" data-start=\"253\" data-end=\"282\">tatrakamzik@gmail.com<\/p>\n\n<p>\u00a0<\/p>\n\t\t\t\t\t\t\t\t<\/div>\n\t\t\t\t<\/div>\n\t\t\t\t\t<\/div>\n\t\t\t\t<\/div>\n\t\t\t\t<\/div>\n\t\t","protected":false},"excerpt":{"rendered":"<p>Riadite\u013e s\u00fa\u0165a\u017ee: Ing. J\u00e1n Kuska Kontaktn\u00e1 adresa: AMAFILM NICOLAUS\u0160t\u00farova 1610\/38031 01 Liptovsk\u00fd Mikul\u00e1\u0161Slovensk\u00e1 republika Tel.: +421 905 477 005 Andrej Gur\u00e1\u0148: +421 908 696 288 tatrakamzik@gmail.com \u00a0<\/p>\n","protected":false},"author":1,"featured_media":0,"parent":0,"menu_order":0,"comment_status":"closed","ping_status":"closed","template":"","meta":{"footnotes":""},"class_list":["post-12223","page","type-page","status-publish","hentry"],"_links":{"self":[{"href":"https:\/\/www.tatranskykamzik.sk\/en\/wp-json\/wp\/v2\/pages\/12223","targetHints":{"allow":["GET"]}}],"collection":[{"href":"https:\/\/www.tatranskykamzik.sk\/en\/wp-json\/wp\/v2\/pages"}],"about":[{"href":"https:\/\/www.tatranskykamzik.sk\/en\/wp-json\/wp\/v2\/types\/page"}],"author":[{"embeddable":true,"href":"https:\/\/www.tatranskykamzik.sk\/en\/wp-json\/wp\/v2\/users\/1"}],"replies":[{"embeddable":true,"href":"https:\/\/www.tatranskykamzik.sk\/en\/wp-json\/wp\/v2\/comments?post=12223"}],"version-history":[{"count":14,"href":"https:\/\/www.tatranskykamzik.sk\/en\/wp-json\/wp\/v2\/pages\/12223\/revisions"}],"predecessor-version":[{"id":12525,"href":"https:\/\/www.tatranskykamzik.sk\/en\/wp-json\/wp\/v2\/pages\/12223\/revisions\/12525"}],"wp:attachment":[{"href":"https:\/\/www.tatranskykamzik.sk\/en\/wp-json\/wp\/v2\/media?parent=12223"}],"curies":[{"name":"wp","href":"https:\/\/api.w.org\/{rel}","templated":true}]}}