{"id":12211,"date":"2025-03-27T12:18:09","date_gmt":"2025-03-27T11:18:09","guid":{"rendered":"https:\/\/www.tatranskykamzik.sk\/?page_id=12211"},"modified":"2025-12-09T19:18:55","modified_gmt":"2025-12-09T18:18:55","slug":"uvod","status":"publish","type":"page","link":"https:\/\/www.tatranskykamzik.sk\/en\/","title":{"rendered":"Main"},"content":{"rendered":"\t\t<div data-elementor-type=\"wp-page\" data-elementor-id=\"12211\" class=\"elementor elementor-12211\">\n\t\t\t\t<div class=\"elementor-element elementor-element-73ed7994 e-flex e-con-boxed e-con e-parent\" data-id=\"73ed7994\" data-element_type=\"container\">\n\t\t\t\t\t<div class=\"e-con-inner\">\n\t\t\t\t<div class=\"elementor-element elementor-element-46554153 elementor-widget elementor-widget-text-editor\" data-id=\"46554153\" data-element_type=\"widget\" data-widget_type=\"text-editor.default\">\n\t\t\t\t<div class=\"elementor-widget-container\">\n\t\t\t\t\t\t\t\t\t<p><span style=\"color: #000000;\"><\/span><\/p>\n<p><span style=\"color: #000000;\">\n\t\t\t\t<p class=\"rs-p-wp-fix\"><\/p>\n\t\t\t\t<sr7-module data-alias=\"home-2\" data-id=\"1\" id=\"SR7_1_1\" class=\"rs-ov-hidden\" data-version=\"6.7.29\">\n\t\t\t\t\t<sr7-adjuster><\/sr7-adjuster>\n\t\t\t\t\t<sr7-content>\n\t\t\t\t\t\t<sr7-slide id=\"SR7_1_1-5\" data-key=\"5\">\n\t\t\t\t\t\t<\/sr7-slide>\n\t\t\t\t\t\t<sr7-slide id=\"SR7_1_1-6\" data-key=\"6\">\n\t\t\t\t\t\t<\/sr7-slide>\n\t\t\t\t\t\t<sr7-slide id=\"SR7_1_1-4\" data-key=\"4\">\n\t\t\t\t\t\t\t<a id=\"SR7_1_1-4-5\" class=\"sr7-layer\" href=\"https:\/\/vimeo.com\/user122333400\" target=\"_self\">vimeo<\/a>\n\t\t\t\t\t\t\t<a id=\"SR7_1_1-4-6\" class=\"sr7-layer\" href=\"https:\/\/www.facebook.com\/HaruTheme-2122613897977372\" target=\"_self\">facebook<\/a>\n\t\t\t\t\t\t\t<a id=\"SR7_1_1-4-11\" class=\"sr7-layer\" href=\"https:\/\/www.instagram.com\/harutheme88\/\" target=\"_self\">instagram<\/a>\n\t\t\t\t\t\t\t<a id=\"SR7_1_1-4-12\" class=\"sr7-layer\" href=\"https:\/\/www.youtube.com\/channel\/UCnOxXtfrkgq92wgqJCBi55g\/\" target=\"_self\">youtube<\/a>\n\t\t\t\t\t\t<\/sr7-slide>\n\t\t\t\t\t<\/sr7-content>\n\t\t\t\t\t<image_lists style=\"display:none\">\n\t\t\t\t\t\t<img data-src=\"\/\/www.tatranskykamzik.sk\/wp-content\/uploads\/2025\/03\/plavacka-1.png\" data-libid=\"12055\" data-lib=\"medialibrary\" title=\"pl\u00e1vacka 1\" width=\"0\" height=\"0\" data-dbsrc=\"Ly93d3cudGF0cmFuc2t5a2FtemlrLnNrL3dwLWNvbnRlbnQvdXBsb2Fkcy8yMDI1LzAzL3BsYXZhY2thLTEucG5n\"\/>\n\t\t\t\t\t\t<img data-src=\"\/\/www.tatranskykamzik.sk\/wp-content\/uploads\/2025\/03\/plavacka.png\" data-libid=\"12051\" data-lib=\"medialibrary\" title=\"pl\u00e1vacka\" width=\"0\" height=\"0\" data-dbsrc=\"Ly93d3cudGF0cmFuc2t5a2FtemlrLnNrL3dwLWNvbnRlbnQvdXBsb2Fkcy8yMDI1LzAzL3BsYXZhY2thLnBuZw==\"\/>\n\t\t\t\t\t<\/image_lists>\n\t\t\t\t<\/sr7-module>\n\t\t\t\t<script>\n\t\t\t\t\tSR7.PMH ??={}; SR7.PMH[\"SR7_1_1\"] = {cn:100,state:false,fn: function() { if (_tpt!==undefined && _tpt.prepareModuleHeight !== undefined) {  _tpt.prepareModuleHeight({id:\"SR7_1_1\",el:[960,960,960,500,600],type:'standard',shdw:'0',gh:[960,960,960,500,600],gw:[1920,1920,1920,778,480],vpt:['-200px&#039;,&#039;-200px&#039;,&#039;-200px&#039;,&#039;-200px&#039;,&#039;-200px'],size:{fullWidth:false, fullHeight:false},mh:'0',onh:0,onw:0,bg:{color:'{\"orig\":\"transparent\",\"type\":\"solid\",\"string\":\"transparent\"}'}});   SR7.PMH[\"SR7_1_1\"].state=true;} else if(SR7.PMH[\"SR7_1_1\"].cn-->0)\tsetTimeout( SR7.PMH[\"SR7_1_1\"].fn,19);}};SR7.PMH[\"SR7_1_1\" ].fn();\n\t\t\t\t<\/script>\n<\/span><\/p>\n<h2>XXXth year of the international thematic competition of non-professional films Tatra Chamois<\/h2>\n<p class=\"\" data-start=\"58\" data-end=\"396\"><span style=\"color: #000000;\">The International Thematic Competition &#8220;Tatransk\u00fd Kamz\u00edk&#8221; is the largest thematic competition of non-professional films not only in Slovakia but also one of the largest in Central Europe. It has been held in the Liptov region of Slovakia since 1973. The first ten editions took place annually, but since 1982, it has been held biennially.<\/span><\/p>\n<p class=\"\" data-start=\"398\" data-end=\"573\"><span style=\"color: #000000;\">The competition primarily focuses on history, cultural and technical monuments, folklore, natural beauty, ecology, ethnography, traditional ways of life, and mountain tourism.<\/span><\/p>\n<p class=\"\" data-start=\"575\" data-end=\"951\"><span style=\"color: #000000;\">It is the only competition in Slovakia held under the patronage of UNICA (Union Internationale du Cin\u00e9ma). UNICA is a global organization for non-professional film and a member of CICT \u2013 the International Council for Film, Television and Audiovisual Communication at UNESCO. (By the way, only 11 competitions from approximately 30 UNICA member countries hold UNICA patronage.)<\/span><\/p>\n<p class=\"\" data-start=\"953\" data-end=\"1188\"><span style=\"color: #000000;\">The competition is traditionally announced by the town of Liptovsk\u00fd Hr\u00e1dok, and it is currently organized by the association of amateur filmmakers Nicolausfilm from Liptovsk\u00fd Mikul\u00e1\u0161 and the Liptov Cultural Centre in Liptovsk\u00fd Mikul\u00e1\u0161.<\/span><\/p>\n<h3>The event was financially supported by the \u017dILINA SELF-GOVERNING REGION.<\/h3>\n<p><img decoding=\"async\" src=\"https:\/\/www.zilinskazupa.sk\/files\/zsk_logo_zsk_color.png\" alt=\"PNG (online) - \u017dSK\" width=\"200px\" \/><\/p>\n<p><span style=\"color: #000000;\"><\/span><\/p>\t\t\t\t\t\t\t\t<\/div>\n\t\t\t\t<\/div>\n\t\t\t\t\t<\/div>\n\t\t\t\t<\/div>\n\t\t\t\t<\/div>\n\t\t","protected":false},"excerpt":{"rendered":"<p>vimeo facebook instagram youtube &nbsp; About the international thematic competition Tatra Chamois &nbsp; The international thematic competition Tatra Chamois is the largest thematic competition of amateur films not only in Slovakia, but also one of the largest in Central Europe. It has been held in Liptov, Slovakia, since 1973, with the first ten years held [&hellip;]<\/p>\n","protected":false},"author":1,"featured_media":0,"parent":0,"menu_order":0,"comment_status":"closed","ping_status":"closed","template":"","meta":{"footnotes":""},"class_list":["post-12211","page","type-page","status-publish","hentry"],"_links":{"self":[{"href":"https:\/\/www.tatranskykamzik.sk\/en\/wp-json\/wp\/v2\/pages\/12211","targetHints":{"allow":["GET"]}}],"collection":[{"href":"https:\/\/www.tatranskykamzik.sk\/en\/wp-json\/wp\/v2\/pages"}],"about":[{"href":"https:\/\/www.tatranskykamzik.sk\/en\/wp-json\/wp\/v2\/types\/page"}],"author":[{"embeddable":true,"href":"https:\/\/www.tatranskykamzik.sk\/en\/wp-json\/wp\/v2\/users\/1"}],"replies":[{"embeddable":true,"href":"https:\/\/www.tatranskykamzik.sk\/en\/wp-json\/wp\/v2\/comments?post=12211"}],"version-history":[{"count":64,"href":"https:\/\/www.tatranskykamzik.sk\/en\/wp-json\/wp\/v2\/pages\/12211\/revisions"}],"predecessor-version":[{"id":13397,"href":"https:\/\/www.tatranskykamzik.sk\/en\/wp-json\/wp\/v2\/pages\/12211\/revisions\/13397"}],"wp:attachment":[{"href":"https:\/\/www.tatranskykamzik.sk\/en\/wp-json\/wp\/v2\/media?parent=12211"}],"curies":[{"name":"wp","href":"https:\/\/api.w.org\/{rel}","templated":true}]}}